{"id":1211,"date":"2023-09-28T12:27:46","date_gmt":"2023-09-28T10:27:46","guid":{"rendered":"https:\/\/docs.bianchiindustry.com\/home\/"},"modified":"2025-06-18T11:29:29","modified_gmt":"2025-06-18T09:29:29","slug":"home","status":"publish","type":"page","link":"https:\/\/docs.bianchiindustry.com\/pt-pt\/","title":{"rendered":"Home"},"content":{"rendered":"<p>Aqui voc\u00ea encontra as fichas t\u00e9cnicas atualizadas de todas as m\u00e1quinas das marcas Bianchi Vending, Bianchi Coffee Solutions e Brasilia. Uma ferramenta simples, completa e intuitiva, pensada para ajud\u00e1-lo a navegar na oferta da Bianchi Industry e encontrar em poucos cliques a solu\u00e7\u00e3o mais adequada para o seu neg\u00f3cio.<\/p>\n","protected":false},"excerpt":{"rendered":"<p>Aqui voc\u00ea encontra as fichas t\u00e9cnicas atualizadas de todas as m\u00e1quinas das marcas Bianchi Vending, Bianchi Coffee Solutions e Brasilia. Uma ferramenta simples, completa e intuitiva, pensada para ajud\u00e1-lo a navegar na oferta da Bianchi Industry e encontrar em poucos cliques a solu\u00e7\u00e3o mais adequada para o seu neg\u00f3cio.<\/p>\n","protected":false},"author":1,"featured_media":0,"parent":0,"menu_order":0,"comment_status":"closed","ping_status":"closed","template":"page-home.php","meta":{"_acf_changed":false,"inline_featured_image":false,"footnotes":""},"class_list":["post-1211","page","type-page","status-publish","hentry"],"acf":[],"_links":{"self":[{"href":"https:\/\/docs.bianchiindustry.com\/pt-pt\/wp-json\/wp\/v2\/pages\/1211","targetHints":{"allow":["GET"]}}],"collection":[{"href":"https:\/\/docs.bianchiindustry.com\/pt-pt\/wp-json\/wp\/v2\/pages"}],"about":[{"href":"https:\/\/docs.bianchiindustry.com\/pt-pt\/wp-json\/wp\/v2\/types\/page"}],"author":[{"embeddable":true,"href":"https:\/\/docs.bianchiindustry.com\/pt-pt\/wp-json\/wp\/v2\/users\/1"}],"replies":[{"embeddable":true,"href":"https:\/\/docs.bianchiindustry.com\/pt-pt\/wp-json\/wp\/v2\/comments?post=1211"}],"version-history":[{"count":3,"href":"https:\/\/docs.bianchiindustry.com\/pt-pt\/wp-json\/wp\/v2\/pages\/1211\/revisions"}],"predecessor-version":[{"id":2053,"href":"https:\/\/docs.bianchiindustry.com\/pt-pt\/wp-json\/wp\/v2\/pages\/1211\/revisions\/2053"}],"wp:attachment":[{"href":"https:\/\/docs.bianchiindustry.com\/pt-pt\/wp-json\/wp\/v2\/media?parent=1211"}],"curies":[{"name":"wp","href":"https:\/\/api.w.org\/{rel}","templated":true}]}}