{"id":1210,"date":"2023-09-28T12:27:46","date_gmt":"2023-09-28T10:27:46","guid":{"rendered":"https:\/\/docs.bianchiindustry.com\/home\/"},"modified":"2025-06-18T10:08:17","modified_gmt":"2025-06-18T08:08:17","slug":"home","status":"publish","type":"page","link":"https:\/\/docs.bianchiindustry.com\/fr\/","title":{"rendered":"Home"},"content":{"rendered":"<p>Vous trouverez ici les fiches techniques \u00e0 jour de toutes les machines des marques Bianchi Vending, Bianchi Coffee Solutions et Brasilia. Un outil simple, complet et intuitif, con\u00e7u pour vous aider \u00e0 vous orienter dans l\u2019offre de Bianchi Industry et \u00e0 trouver en quelques clics la solution la plus adapt\u00e9e \u00e0 votre activit\u00e9.<\/p>\n","protected":false},"excerpt":{"rendered":"<p>Vous trouverez ici les fiches techniques \u00e0 jour de toutes les machines des marques Bianchi Vending, Bianchi Coffee Solutions et Brasilia. Un outil simple, complet et intuitif, con\u00e7u pour vous aider \u00e0 vous orienter dans l\u2019offre de Bianchi Industry et \u00e0 trouver en quelques clics la solution la plus adapt\u00e9e \u00e0 votre activit\u00e9.<\/p>\n","protected":false},"author":1,"featured_media":0,"parent":0,"menu_order":0,"comment_status":"closed","ping_status":"closed","template":"page-home.php","meta":{"_acf_changed":false,"inline_featured_image":false,"footnotes":""},"class_list":["post-1210","page","type-page","status-publish","hentry"],"acf":[],"_links":{"self":[{"href":"https:\/\/docs.bianchiindustry.com\/fr\/wp-json\/wp\/v2\/pages\/1210","targetHints":{"allow":["GET"]}}],"collection":[{"href":"https:\/\/docs.bianchiindustry.com\/fr\/wp-json\/wp\/v2\/pages"}],"about":[{"href":"https:\/\/docs.bianchiindustry.com\/fr\/wp-json\/wp\/v2\/types\/page"}],"author":[{"embeddable":true,"href":"https:\/\/docs.bianchiindustry.com\/fr\/wp-json\/wp\/v2\/users\/1"}],"replies":[{"embeddable":true,"href":"https:\/\/docs.bianchiindustry.com\/fr\/wp-json\/wp\/v2\/comments?post=1210"}],"version-history":[{"count":3,"href":"https:\/\/docs.bianchiindustry.com\/fr\/wp-json\/wp\/v2\/pages\/1210\/revisions"}],"predecessor-version":[{"id":1862,"href":"https:\/\/docs.bianchiindustry.com\/fr\/wp-json\/wp\/v2\/pages\/1210\/revisions\/1862"}],"wp:attachment":[{"href":"https:\/\/docs.bianchiindustry.com\/fr\/wp-json\/wp\/v2\/media?parent=1210"}],"curies":[{"name":"wp","href":"https:\/\/api.w.org\/{rel}","templated":true}]}}