{"id":1212,"date":"2023-09-28T12:27:46","date_gmt":"2023-09-28T10:27:46","guid":{"rendered":"https:\/\/docs.bianchiindustry.com\/home\/"},"modified":"2025-07-24T12:56:32","modified_gmt":"2025-07-24T10:56:32","slug":"home","status":"publish","type":"page","link":"https:\/\/docs.bianchiindustry.com\/es\/","title":{"rendered":"Home"},"content":{"rendered":"<p>Aqu\u00ed encontrar\u00e1 las fichas t\u00e9cnicas actualizadas de todas las m\u00e1quinas de las marcas Bianchi Vending, Bianchi Coffee Solutions y Brasilia. Una herramienta sencilla, completa e intuitiva, dise\u00f1ada para ayudarle a navegar por la oferta de Bianchi Industry y encontrar en pocos clics la soluci\u00f3n m\u00e1s adecuada para su negocio.<\/p>\n<p>&nbsp;<\/p>\n","protected":false},"excerpt":{"rendered":"<p>Aqu\u00ed encontrar\u00e1 las fichas t\u00e9cnicas actualizadas de todas las m\u00e1quinas de las marcas Bianchi Vending, Bianchi Coffee Solutions y Brasilia. Una herramienta sencilla, completa e intuitiva, dise\u00f1ada para ayudarle a navegar por la oferta de Bianchi Industry y encontrar en pocos clics la soluci\u00f3n m\u00e1s adecuada para su negocio. &nbsp;<\/p>\n","protected":false},"author":1,"featured_media":0,"parent":0,"menu_order":0,"comment_status":"closed","ping_status":"closed","template":"page-home.php","meta":{"_acf_changed":false,"inline_featured_image":false,"footnotes":""},"class_list":["post-1212","page","type-page","status-publish","hentry"],"acf":[],"_links":{"self":[{"href":"https:\/\/docs.bianchiindustry.com\/es\/wp-json\/wp\/v2\/pages\/1212","targetHints":{"allow":["GET"]}}],"collection":[{"href":"https:\/\/docs.bianchiindustry.com\/es\/wp-json\/wp\/v2\/pages"}],"about":[{"href":"https:\/\/docs.bianchiindustry.com\/es\/wp-json\/wp\/v2\/types\/page"}],"author":[{"embeddable":true,"href":"https:\/\/docs.bianchiindustry.com\/es\/wp-json\/wp\/v2\/users\/1"}],"replies":[{"embeddable":true,"href":"https:\/\/docs.bianchiindustry.com\/es\/wp-json\/wp\/v2\/comments?post=1212"}],"version-history":[{"count":5,"href":"https:\/\/docs.bianchiindustry.com\/es\/wp-json\/wp\/v2\/pages\/1212\/revisions"}],"predecessor-version":[{"id":2342,"href":"https:\/\/docs.bianchiindustry.com\/es\/wp-json\/wp\/v2\/pages\/1212\/revisions\/2342"}],"wp:attachment":[{"href":"https:\/\/docs.bianchiindustry.com\/es\/wp-json\/wp\/v2\/media?parent=1212"}],"curies":[{"name":"wp","href":"https:\/\/api.w.org\/{rel}","templated":true}]}}